{"id":536,"date":"2016-08-16T09:47:49","date_gmt":"2016-08-16T09:47:49","guid":{"rendered":"http:\/\/kroth:8888\/?page_id=536"},"modified":"2017-06-06T09:19:49","modified_gmt":"2017-06-06T09:19:49","slug":"our-team","status":"publish","type":"page","link":"https:\/\/todofis.com\/?page_id=536","title":{"rendered":"\u00dcber uns"},"content":{"rendered":"<div class=\"wpb-content-wrapper\"><p>[vc_row full_width=&#8220;stretch_row&#8220; overlay_dotted=&#8220;true&#8220; overlay_color=&#8220;rgba(255,255,255,0.5)&#8220; css=&#8220;.vc_custom_1490979922970{background-image: url(http:\/\/todofis.com\/wp-content\/uploads\/2016\/08\/07_BgStock_1366x768px.jpg?id=1952) !important;background-position: center !important;background-repeat: no-repeat !important;background-size: cover !important;}&#8220;][vc_column css=&#8220;.vc_custom_1490174567901{padding-top: 50px !important;padding-right: 50px !important;padding-bottom: 50px !important;padding-left: 50px !important;background-color: rgba(255,255,255,0.5) !important;*background-color: rgb(255,255,255) !important;}&#8220;][vc_single_image image=&#8220;1979&#8243; img_size=&#8220;medium&#8220; style=&#8220;vc_box_shadow&#8220; css_animation=&#8220;fadeIn&#8220; css=&#8220;.vc_custom_1496740706183{border-radius: 2px !important;}&#8220;]<div class=\"krth-team-details krth-team-details-69e594a672cba\"><div class=\"tm-pro\">Claude A. Fischer<\/div><p><em>Gesch\u00e4ftsf\u00fchrender Gesellschafter<\/em><\/p>\n<p>35 Jahre internationale Unternehmens-F\u00fchrungserfahrung mit Schwerpunkt Restrukturierungen, Turnarounds und Grossprojekte.<\/p>\n<\/div>[vc_separator][vc_single_image image=&#8220;1978&#8243; img_size=&#8220;medium&#8220; style=&#8220;vc_box_shadow&#8220; css_animation=&#8220;fadeIn&#8220; css=&#8220;.vc_custom_1496740749084{margin-top: 50px !important;}&#8220;]<div class=\"krth-team-details krth-team-details-69e594a672cda\"><div class=\"tm-pro\">Andrea Fischer-Armbruster<\/div><p><em>Gesellschafterin<\/em><\/p>\n<p>40 Jahre Management-, Verkauf- und Pers\u00f6nlichkeitscoaching im Banken- und Immobiliensektor, mit Schwerpunkt pers\u00f6nliche Leistungssteigerung und Begleitung in Verkaufssteigerungsprozessen.<\/p>\n<\/div>[vc_separator][vc_single_image image=&#8220;1703&#8243; img_size=&#8220;medium&#8220; style=&#8220;vc_box_shadow&#8220; css_animation=&#8220;fadeIn&#8220; css=&#8220;.vc_custom_1496740761918{margin-top: 50px !important;}&#8220;]<div class=\"krth-team-details krth-team-details-69e594a672cee\"><div class=\"tm-pro\">Expertennetzwerk<\/div><p>Zus\u00e4tzlich steht uns ein Pool externer Experten zur Verf\u00fcgung, auf welche wir im Bedarfsfall zur\u00fcckgreifen k\u00f6nnen.<\/p>\n<\/div>[\/vc_column][\/vc_row][vc_row full_width=&#8220;stretch_row&#8220; content_placement=&#8220;middle&#8220; overlay_dotted=&#8220;&#8220; css=&#8220;.vc_custom_1490733701932{margin-top: 0px !important;margin-bottom: 0px !important;padding-top: 0px !important;padding-bottom: 0px !important;background-color: #81d742 !important;}&#8220;][vc_column css=&#8220;.vc_custom_1490120016515{margin-top: 10px !important;margin-bottom: 10px !important;padding-top: 0px !important;padding-bottom: 0px !important;}&#8220;]<div class=\"krth-cta krth-cta-one cta-cnt-left \"><div class=\"krth-cta-cnt \" ><p><span style=\"font-weight: bold; color: #ffff99;\">+41 79 322 5440<\/span><span style=\"color: #ffffff; font-weight: bold;\"> <span style=\"padding-left: 15px; font-weight: normal;\">Oder kontaktieren Sie uns online \u00fcber das Formular.<\/span><\/span><\/p>\n<\/div><a class=\"krth-btn btn-secondary  vc_custom_1490979945974 btn-medium krth-btn-69e594a672d34 btn-hover-one btn-icon-left rounded-three \" href=\"\/?page_id=625\"><span class=\"btn-text\">Zum Kontaktformular<\/span><\/a><\/div>[\/vc_column][\/vc_row]<\/p>\n<\/div>","protected":false},"excerpt":{"rendered":"[vc_row full_width=&#8220;stretch_row&#8220; overlay_dotted=&#8220;true&#8220; overlay_color=&#8220;rgba(255,255,255,0.5)&#8220; css=&#8220;.vc_custom_1490979922970{background-image: url(http:\/\/todofis.com\/wp-content\/uploads\/2016\/08\/07_BgStock_1366x768px.jpg?id=1952) !important;background-position: center !important;background-repeat: no-repeat !important;background-size: cover !important;}&#8220;][vc_column css=&#8220;.vc_custom_1490174567901{padding-top: 50px !important;padding-right: 50px !important;padding-bottom: 50px !important;padding-left: 50px !important;background-color: rgba(255,255,255,0.5) !important;*background-color: rgb(255,255,255) !important;}&#8220;][vc_single_image image=&#8220;1979&#8243; img_size=&#8220;medium&#8220; style=&#8220;vc_box_shadow&#8220; css_animation=&#8220;fadeIn&#8220; css=&#8220;.vc_custom_1496740706183{border-radius: 2px !important;}&#8220;][vc_separator][vc_single_image image=&#8220;1978&#8243; img_size=&#8220;medium&#8220; style=&#8220;vc_box_shadow&#8220; css_animation=&#8220;fadeIn&#8220; css=&#8220;.vc_custom_1496740749084{margin-top: 50px !important;}&#8220;][vc_separator][vc_single_image image=&#8220;1703&#8243; img_size=&#8220;medium&#8220; style=&#8220;vc_box_shadow&#8220; css_animation=&#8220;fadeIn&#8220; css=&#8220;.vc_custom_1496740761918{margin-top: 50px !important;}&#8220;][\/vc_column][\/vc_row][vc_row full_width=&#8220;stretch_row&#8220; content_placement=&#8220;middle&#8220; overlay_dotted=&#8220;&#8220; css=&#8220;.vc_custom_1490733701932{margin-top: 0px !important;margin-bottom: 0px !important;padding-top:[&#8230;]","protected":false},"author":2,"featured_media":0,"parent":0,"menu_order":7,"comment_status":"closed","ping_status":"closed","template":"","meta":{"footnotes":""},"class_list":["post-536","page","type-page","status-publish","hentry"],"_links":{"self":[{"href":"https:\/\/todofis.com\/index.php?rest_route=\/wp\/v2\/pages\/536","targetHints":{"allow":["GET"]}}],"collection":[{"href":"https:\/\/todofis.com\/index.php?rest_route=\/wp\/v2\/pages"}],"about":[{"href":"https:\/\/todofis.com\/index.php?rest_route=\/wp\/v2\/types\/page"}],"author":[{"embeddable":true,"href":"https:\/\/todofis.com\/index.php?rest_route=\/wp\/v2\/users\/2"}],"replies":[{"embeddable":true,"href":"https:\/\/todofis.com\/index.php?rest_route=%2Fwp%2Fv2%2Fcomments&post=536"}],"version-history":[{"count":28,"href":"https:\/\/todofis.com\/index.php?rest_route=\/wp\/v2\/pages\/536\/revisions"}],"predecessor-version":[{"id":1981,"href":"https:\/\/todofis.com\/index.php?rest_route=\/wp\/v2\/pages\/536\/revisions\/1981"}],"wp:attachment":[{"href":"https:\/\/todofis.com\/index.php?rest_route=%2Fwp%2Fv2%2Fmedia&parent=536"}],"curies":[{"name":"wp","href":"https:\/\/api.w.org\/{rel}","templated":true}]}}