{"id":1842,"date":"2017-03-22T10:55:01","date_gmt":"2017-03-22T10:55:01","guid":{"rendered":"http:\/\/todofis.com\/?page_id=1842"},"modified":"2025-01-17T20:40:10","modified_gmt":"2025-01-17T18:40:10","slug":"system","status":"publish","type":"page","link":"https:\/\/todofis.com\/?page_id=1842","title":{"rendered":"Unser einmaliges System"},"content":{"rendered":"<div class=\"wpb-content-wrapper\"><p>[vc_row full_width=&#8220;stretch_row&#8220; overlay_dotted=&#8220;true&#8220; overlay_color=&#8220;rgba(255,255,255,0.5)&#8220; css=&#8220;.vc_custom_1490980601327{background-image: url(http:\/\/todofis.com\/wp-content\/uploads\/2016\/08\/09_BgStock_1366x768px.jpg?id=1954) !important;background-position: center !important;background-repeat: no-repeat !important;background-size: cover !important;}&#8220;][vc_column css=&#8220;.vc_custom_1490180520487{padding-top: 50px !important;padding-right: 100px !important;padding-bottom: 50px !important;padding-left: 50px !important;background-color: rgba(255,255,255,0.75) !important;*background-color: rgb(255,255,255) !important;}&#8220;][vc_row_inner][vc_column_inner width=&#8220;1\/2&#8243;][vc_column_text css_animation=&#8220;fadeInRight&#8220;]<strong>Sie m\u00f6chten Ihre Profitabilit\u00e4t markant erh\u00f6hen und schnelle Resultate erzielen!<\/strong><\/p>\n<p>&nbsp;<\/p>\n<p><strong>Wir f\u00fchren f\u00fcr Sie kostenlos eine 1 bis 2 w\u00f6chige EBIT-Verbesserungsanalyse durch und erarbeiten ein entsprechendes massgeschneidertes Massnahmenpaket.<\/strong><\/p>\n<p>&nbsp;<\/p>\n<p><strong>Unser Honorar wird in % der realisierten Einsparungen gerechnet.<\/strong>[\/vc_column_text][\/vc_column_inner][vc_column_inner width=&#8220;1\/2&#8243;][vc_single_image image=&#8220;1914&#8243; img_size=&#8220;390&#215;360&#8243; alignment=&#8220;center&#8220; style=&#8220;vc_box_shadow_3d&#8220; css_animation=&#8220;fadeInLeft&#8220; css=&#8220;.vc_custom_1490735550124{border-radius: 2px !important;}&#8220;][\/vc_column_inner][\/vc_row_inner][vc_separator color=&#8220;custom&#8220; accent_color=&#8220;#2d2d2d&#8220; css=&#8220;.vc_custom_1490176255081{margin-top: 25px !important;margin-bottom: 50px !important;}&#8220;][vc_row_inner][vc_column_inner width=&#8220;1\/2&#8243;][vc_single_image image=&#8220;1849&#8243; img_size=&#8220;390&#215;360&#8243; alignment=&#8220;center&#8220; style=&#8220;vc_box_shadow_3d&#8220; css_animation=&#8220;fadeInRight&#8220; css=&#8220;.vc_custom_1490180409650{border-radius: 2px !important;}&#8220;][\/vc_column_inner][vc_column_inner width=&#8220;1\/2&#8243;][vc_column_text css_animation=&#8220;fadeInLeft&#8220;]<\/p>\n<h2 style=\"text-align: left;\">Ihr Gewinn!<\/h2>\n<ul>\n<li style=\"text-align: left;\"><strong>Sie geniessen eine KMU-freundliche und massgeschneiderte Unterst\u00fctzung.<\/strong><\/li>\n<li style=\"text-align: left;\"><strong>Sie vermeiden hohe Beratungskosten und k\u00f6nnen sichere finanzielle Resultate erwarten.<\/strong><\/li>\n<li style=\"text-align: left;\"><strong>Ihr Tagesgesch\u00e4ft wird nicht beeintr\u00e4chtigt.<\/strong><\/li>\n<li style=\"text-align: left;\"><strong>Sie erhalten sowohl quantitative wie qualitative Empfehlungen. Insbesondere werden Ihnen die n\u00f6tigen Prozessver\u00e4nderungen und die entsprechenden Change-Management Massnahmen aufgezeigt.<\/strong><\/li>\n<li style=\"text-align: left;\"><strong>Sie profitieren von einer langj\u00e4hrigen und breiten erfolgreichen Erfahrung in der internationalen Unternehmensf\u00fchrung.<\/strong><\/li>\n<\/ul>\n<p>[\/vc_column_text][\/vc_column_inner][\/vc_row_inner][\/vc_column][\/vc_row][vc_row full_width=&#8220;stretch_row&#8220; content_placement=&#8220;middle&#8220; overlay_dotted=&#8220;&#8220; css=&#8220;.vc_custom_1490733701932{margin-top: 0px !important;margin-bottom: 0px !important;padding-top: 0px !important;padding-bottom: 0px !important;background-color: #81d742 !important;}&#8220;][vc_column css=&#8220;.vc_custom_1490120016515{margin-top: 10px !important;margin-bottom: 10px !important;padding-top: 0px !important;padding-bottom: 0px !important;}&#8220;]<div class=\"krth-cta krth-cta-one cta-cnt-left \"><div class=\"krth-cta-cnt \" ><p><span style=\"font-weight: bold; color: #ffff99;\">+41 79 322 5440<\/span><span style=\"color: #ffffff; font-weight: bold;\"> <span style=\"padding-left: 15px; font-weight: normal;\">Oder kontaktieren Sie uns online \u00fcber das Formular.<\/span><\/span><\/p>\n<\/div><a class=\"krth-btn btn-secondary  vc_custom_1490734128911 btn-medium krth-btn-69f4282914816 btn-hover-one btn-icon-left rounded-three \" href=\"\/?page_id=625\"><span class=\"btn-text\">Zum Kontaktformular<\/span><\/a><\/div>[\/vc_column][\/vc_row]<\/p>\n<\/div>","protected":false},"excerpt":{"rendered":"[vc_row full_width=&#8220;stretch_row&#8220; overlay_dotted=&#8220;true&#8220; overlay_color=&#8220;rgba(255,255,255,0.5)&#8220; css=&#8220;.vc_custom_1490980601327{background-image: url(http:\/\/todofis.com\/wp-content\/uploads\/2016\/08\/09_BgStock_1366x768px.jpg?id=1954) !important;background-position: center !important;background-repeat: no-repeat !important;background-size: cover !important;}&#8220;][vc_column css=&#8220;.vc_custom_1490180520487{padding-top: 50px !important;padding-right: 100px !important;padding-bottom: 50px !important;padding-left: 50px !important;background-color: rgba(255,255,255,0.75) !important;*background-color: rgb(255,255,255) !important;}&#8220;][vc_row_inner][vc_column_inner width=&#8220;1\/2&#8243;][vc_column_text css_animation=&#8220;fadeInRight&#8220;]Sie m\u00f6chten Ihre Profitabilit\u00e4t markant erh\u00f6hen und schnelle Resultate erzielen! &nbsp; Wir f\u00fchren f\u00fcr Sie kostenlos eine 1 bis 2 w\u00f6chige EBIT-Verbesserungsanalyse durch und erarbeiten ein entsprechendes massgeschneidertes[&#8230;]","protected":false},"author":2,"featured_media":0,"parent":0,"menu_order":7,"comment_status":"closed","ping_status":"closed","template":"","meta":{"footnotes":""},"class_list":["post-1842","page","type-page","status-publish","hentry"],"_links":{"self":[{"href":"https:\/\/todofis.com\/index.php?rest_route=\/wp\/v2\/pages\/1842","targetHints":{"allow":["GET"]}}],"collection":[{"href":"https:\/\/todofis.com\/index.php?rest_route=\/wp\/v2\/pages"}],"about":[{"href":"https:\/\/todofis.com\/index.php?rest_route=\/wp\/v2\/types\/page"}],"author":[{"embeddable":true,"href":"https:\/\/todofis.com\/index.php?rest_route=\/wp\/v2\/users\/2"}],"replies":[{"embeddable":true,"href":"https:\/\/todofis.com\/index.php?rest_route=%2Fwp%2Fv2%2Fcomments&post=1842"}],"version-history":[{"count":15,"href":"https:\/\/todofis.com\/index.php?rest_route=\/wp\/v2\/pages\/1842\/revisions"}],"predecessor-version":[{"id":184274,"href":"https:\/\/todofis.com\/index.php?rest_route=\/wp\/v2\/pages\/1842\/revisions\/184274"}],"wp:attachment":[{"href":"https:\/\/todofis.com\/index.php?rest_route=%2Fwp%2Fv2%2Fmedia&parent=1842"}],"curies":[{"name":"wp","href":"https:\/\/api.w.org\/{rel}","templated":true}]}}