{"id":1830,"date":"2017-03-22T10:45:45","date_gmt":"2017-03-22T10:45:45","guid":{"rendered":"http:\/\/todofis.com\/?page_id=1830"},"modified":"2017-03-31T17:02:16","modified_gmt":"2017-03-31T17:02:16","slug":"coaching","status":"publish","type":"page","link":"https:\/\/todofis.com\/?page_id=1830","title":{"rendered":"Coaching"},"content":{"rendered":"<div class=\"wpb-content-wrapper\"><p>[vc_row full_width=&#8220;stretch_row&#8220; overlay_dotted=&#8220;true&#8220; overlay_color=&#8220;rgba(255,255,255,0.5)&#8220; css=&#8220;.vc_custom_1490979313564{background-image: url(http:\/\/todofis.com\/wp-content\/uploads\/2017\/03\/04_BgStock_1366x768px.jpg?id=1940) !important;background-position: center !important;background-repeat: no-repeat !important;background-size: cover !important;}&#8220;][vc_column css=&#8220;.vc_custom_1490176868896{padding-top: 50px !important;padding-right: 100px !important;padding-bottom: 50px !important;padding-left: 50px !important;}&#8220;][vc_row_inner][vc_column_inner width=&#8220;1\/2&#8243; css=&#8220;.vc_custom_1490177922301{padding-right: 50px !important;padding-left: 50px !important;background-color: rgba(255,255,255,0.75) !important;*background-color: rgb(255,255,255) !important;}&#8220;][vc_column_text css_animation=&#8220;fadeInRight&#8220;]<\/p>\n<p style=\"text-align: center;\"><b><i>\u00abNicht die Intelligentesten und St\u00e4rksten werden \u00fcberleben, sondern die Ver\u00e4nderungsbereitesten.\u00bb<\/i><\/b><\/p>\n<h6 style=\"text-align: center;\">Charles Darwin<\/h6>\n<p>&nbsp;<\/p>\n<p><strong>Das heisst, wir begleiten potentielle Menschen in schwierigen Ver\u00e4nderungsprozessen. Nutzen hierbei\u00a0Pers\u00f6nlichkeit und Kompetenzinstrumente\u00a0und entwickeln gemeinsam mit Ihnen ein Verst\u00e4ndnis f\u00fcr die\u00a0Wirkungsweise und Zusammenh\u00e4nge\u00a0in Ihrem Unternehmen.<\/strong><\/p>\n<p><strong>\u200bNach der\u00a0Analyse des Wirkgef\u00fcges\u00a0unterst\u00fctzen wir Sie in der Umsetzung Ihrer neuen Strategien und Massnahmen. Am Ende des Prozesses steht immer eine\u00a0positive Erfolgsmessung.<\/strong>[\/vc_column_text][\/vc_column_inner][vc_column_inner width=&#8220;1\/2&#8243;][vc_single_image image=&#8220;1832&#8243; img_size=&#8220;405&#215;405&#8243; alignment=&#8220;center&#8220; style=&#8220;vc_box_shadow_3d&#8220; css_animation=&#8220;fadeInLeft&#8220; css=&#8220;.vc_custom_1490179525509{border-radius: 2px !important;}&#8220;][vc_single_image image=&#8220;1833&#8243; img_size=&#8220;405&#215;405&#8243; alignment=&#8220;center&#8220; style=&#8220;vc_box_shadow_3d&#8220; css_animation=&#8220;fadeInLeft&#8220; css=&#8220;.vc_custom_1490179514169{border-radius: 2px !important;}&#8220;][\/vc_column_inner][\/vc_row_inner][vc_separator color=&#8220;custom&#8220; accent_color=&#8220;#ffffff&#8220; css=&#8220;.vc_custom_1490177075318{margin-top: 25px !important;margin-bottom: 50px !important;}&#8220;][\/vc_column][\/vc_row][vc_row full_width=&#8220;stretch_row&#8220; content_placement=&#8220;middle&#8220; overlay_dotted=&#8220;&#8220; css=&#8220;.vc_custom_1490733701932{margin-top: 0px !important;margin-bottom: 0px !important;padding-top: 0px !important;padding-bottom: 0px !important;background-color: #81d742 !important;}&#8220;][vc_column css=&#8220;.vc_custom_1490120016515{margin-top: 10px !important;margin-bottom: 10px !important;padding-top: 0px !important;padding-bottom: 0px !important;}&#8220;]<div class=\"krth-cta krth-cta-one cta-cnt-left \"><div class=\"krth-cta-cnt \" ><p><span style=\"font-weight: bold; color: #ffff99;\">+41 79 322 5440<\/span><span style=\"color: #ffffff; font-weight: bold;\"> <span style=\"padding-left: 15px; font-weight: normal;\">Oder kontaktieren Sie uns online \u00fcber das Formular.<\/span><\/span><\/p>\n<\/div><a class=\"krth-btn btn-secondary  vc_custom_1490979735313 btn-medium krth-btn-69f46ae317740 btn-hover-one btn-icon-left rounded-three \" href=\"\/?page_id=625\"><span class=\"btn-text\">Zum Kontaktformular<\/span><\/a><\/div>[\/vc_column][\/vc_row]<\/p>\n<\/div>","protected":false},"excerpt":{"rendered":"[vc_row full_width=&#8220;stretch_row&#8220; overlay_dotted=&#8220;true&#8220; overlay_color=&#8220;rgba(255,255,255,0.5)&#8220; css=&#8220;.vc_custom_1490979313564{background-image: url(http:\/\/todofis.com\/wp-content\/uploads\/2017\/03\/04_BgStock_1366x768px.jpg?id=1940) !important;background-position: center !important;background-repeat: no-repeat !important;background-size: cover !important;}&#8220;][vc_column css=&#8220;.vc_custom_1490176868896{padding-top: 50px !important;padding-right: 100px !important;padding-bottom: 50px !important;padding-left: 50px !important;}&#8220;][vc_row_inner][vc_column_inner width=&#8220;1\/2&#8243; css=&#8220;.vc_custom_1490177922301{padding-right: 50px !important;padding-left: 50px !important;background-color: rgba(255,255,255,0.75) !important;*background-color: rgb(255,255,255) !important;}&#8220;][vc_column_text css_animation=&#8220;fadeInRight&#8220;] \u00abNicht die Intelligentesten und St\u00e4rksten werden \u00fcberleben, sondern die Ver\u00e4nderungsbereitesten.\u00bb Charles Darwin &nbsp; Das heisst, wir begleiten potentielle Menschen in schwierigen Ver\u00e4nderungsprozessen.[&#8230;]","protected":false},"author":2,"featured_media":0,"parent":0,"menu_order":7,"comment_status":"closed","ping_status":"closed","template":"","meta":{"footnotes":""},"class_list":["post-1830","page","type-page","status-publish","hentry"],"_links":{"self":[{"href":"https:\/\/todofis.com\/index.php?rest_route=\/wp\/v2\/pages\/1830","targetHints":{"allow":["GET"]}}],"collection":[{"href":"https:\/\/todofis.com\/index.php?rest_route=\/wp\/v2\/pages"}],"about":[{"href":"https:\/\/todofis.com\/index.php?rest_route=\/wp\/v2\/types\/page"}],"author":[{"embeddable":true,"href":"https:\/\/todofis.com\/index.php?rest_route=\/wp\/v2\/users\/2"}],"replies":[{"embeddable":true,"href":"https:\/\/todofis.com\/index.php?rest_route=%2Fwp%2Fv2%2Fcomments&post=1830"}],"version-history":[{"count":9,"href":"https:\/\/todofis.com\/index.php?rest_route=\/wp\/v2\/pages\/1830\/revisions"}],"predecessor-version":[{"id":1951,"href":"https:\/\/todofis.com\/index.php?rest_route=\/wp\/v2\/pages\/1830\/revisions\/1951"}],"wp:attachment":[{"href":"https:\/\/todofis.com\/index.php?rest_route=%2Fwp%2Fv2%2Fmedia&parent=1830"}],"curies":[{"name":"wp","href":"https:\/\/api.w.org\/{rel}","templated":true}]}}