{"id":1804,"date":"2017-03-22T10:11:07","date_gmt":"2017-03-22T10:11:07","guid":{"rendered":"http:\/\/todofis.com\/?page_id=1804"},"modified":"2017-03-31T17:01:45","modified_gmt":"2017-03-31T17:01:45","slug":"effizienzsteigerung","status":"publish","type":"page","link":"https:\/\/todofis.com\/?page_id=1804","title":{"rendered":"Effizienzsteigerung"},"content":{"rendered":"<div class=\"wpb-content-wrapper\"><p>[vc_row full_width=&#8220;stretch_row&#8220; overlay_dotted=&#8220;true&#8220; overlay_color=&#8220;rgba(255,255,255,0.5)&#8220; css=&#8220;.vc_custom_1490979500012{background-image: url(http:\/\/todofis.com\/wp-content\/uploads\/2017\/03\/05_BgStock_1366x768px.jpg?id=1943) !important;background-position: center !important;background-repeat: no-repeat !important;background-size: cover !important;}&#8220;][vc_column css=&#8220;.vc_custom_1490176868896{padding-top: 50px !important;padding-right: 100px !important;padding-bottom: 50px !important;padding-left: 50px !important;}&#8220;][vc_row_inner][vc_column_inner width=&#8220;1\/2&#8243; css=&#8220;.vc_custom_1490177922301{padding-right: 50px !important;padding-left: 50px !important;background-color: rgba(255,255,255,0.75) !important;*background-color: rgb(255,255,255) !important;}&#8220;][vc_column_text css_animation=&#8220;fadeInRight&#8220;]<strong>Globalisierung und Internationalisierung \u00a0bedeuten einen\u00a0zunehmenden Preisdruck\u00a0f\u00fcr Klein- und Mittelunternehmen im deutsch sprachigen Wirtschaftsraum.<\/strong><\/p>\n<p>&nbsp;<\/p>\n<p><strong>Die\u00a0Konkurrenz aus Osteuropa und Asien verlangt von den traditionellen lokalen Industrien neue Konzepte, damit sie\u00a0in Zukunft nachhaltige positive Ergebnisse\u00a0erwirtschaften k\u00f6nnen.<\/strong><\/p>\n<p>&nbsp;<\/p>\n<p><strong>Insbesondere in der Schweiz hat sich diese Situation seit 2015 mit der Aufhebung des Euro-Mindestkurses noch\u00a0massiv versch\u00e4rft. Grossunternehmen haben inzwischen zahlreiche Massnahmen umgesetzt, um die fehlenden Margen m\u00f6glichst kompensieren zu k\u00f6nnen.<\/strong><\/p>\n<p>&nbsp;<\/p>\n<p><strong>F\u00fcr kleinere Firmen \u2013 mit limitierten Mittel &#8211; ist die Aufgabenstellung besonders schwierig. Richtige\u00a0strategische Entscheide in Innovation\u00a0und Produktentwicklung, gekoppelt mit gezielter Optimierung der Herstellprozesse \u00a0und Beschaffungskan\u00e4le \u00a0sind gefragt, um profitabel wachsen, langfristig bestehen und somit\u00a0Arbeitspl\u00e4tze sichern\u00a0zu k\u00f6nnen.<\/strong>[\/vc_column_text][\/vc_column_inner][vc_column_inner width=&#8220;1\/2&#8243;][vc_single_image image=&#8220;1808&#8243; img_size=&#8220;405&#215;405&#8243; alignment=&#8220;center&#8220; style=&#8220;vc_box_shadow_3d&#8220; css_animation=&#8220;fadeInLeft&#8220; css=&#8220;.vc_custom_1490177959545{border-radius: 2px !important;}&#8220;][vc_single_image image=&#8220;1811&#8243; img_size=&#8220;405&#215;405&#8243; alignment=&#8220;center&#8220; style=&#8220;vc_box_shadow_3d&#8220; css_animation=&#8220;fadeInLeft&#8220; css=&#8220;.vc_custom_1490179562851{border-radius: 2px !important;}&#8220;][vc_single_image image=&#8220;1810&#8243; img_size=&#8220;405&#215;405&#8243; alignment=&#8220;center&#8220; style=&#8220;vc_box_shadow_3d&#8220; css_animation=&#8220;fadeInLeft&#8220; css=&#8220;.vc_custom_1490177969228{border-radius: 2px !important;}&#8220;][\/vc_column_inner][\/vc_row_inner][vc_separator color=&#8220;custom&#8220; accent_color=&#8220;#ffffff&#8220; css=&#8220;.vc_custom_1490177075318{margin-top: 25px !important;margin-bottom: 50px !important;}&#8220;][\/vc_column][\/vc_row][vc_row full_width=&#8220;stretch_row&#8220; content_placement=&#8220;middle&#8220; overlay_dotted=&#8220;&#8220; css=&#8220;.vc_custom_1490733701932{margin-top: 0px !important;margin-bottom: 0px !important;padding-top: 0px !important;padding-bottom: 0px !important;background-color: #81d742 !important;}&#8220;][vc_column css=&#8220;.vc_custom_1490120016515{margin-top: 10px !important;margin-bottom: 10px !important;padding-top: 0px !important;padding-bottom: 0px !important;}&#8220;]<div class=\"krth-cta krth-cta-one cta-cnt-left \"><div class=\"krth-cta-cnt \" ><p><span style=\"font-weight: bold; color: #ffff99;\">+41 79 322 5440<\/span><span style=\"color: #ffffff; font-weight: bold;\"> <span style=\"padding-left: 15px; font-weight: normal;\">Oder kontaktieren Sie uns online \u00fcber das Formular.<\/span><\/span><\/p>\n<\/div><a class=\"krth-btn btn-secondary  vc_custom_1490979703669 btn-medium krth-btn-69f358a7e988e btn-hover-one btn-icon-left rounded-three \" href=\"\/?page_id=625\"><span class=\"btn-text\">Zum Kontaktformular<\/span><\/a><\/div>[\/vc_column][\/vc_row]<\/p>\n<\/div>","protected":false},"excerpt":{"rendered":"[vc_row full_width=&#8220;stretch_row&#8220; overlay_dotted=&#8220;true&#8220; overlay_color=&#8220;rgba(255,255,255,0.5)&#8220; css=&#8220;.vc_custom_1490979500012{background-image: url(http:\/\/todofis.com\/wp-content\/uploads\/2017\/03\/05_BgStock_1366x768px.jpg?id=1943) !important;background-position: center !important;background-repeat: no-repeat !important;background-size: cover !important;}&#8220;][vc_column css=&#8220;.vc_custom_1490176868896{padding-top: 50px !important;padding-right: 100px !important;padding-bottom: 50px !important;padding-left: 50px !important;}&#8220;][vc_row_inner][vc_column_inner width=&#8220;1\/2&#8243; css=&#8220;.vc_custom_1490177922301{padding-right: 50px !important;padding-left: 50px !important;background-color: rgba(255,255,255,0.75) !important;*background-color: rgb(255,255,255) !important;}&#8220;][vc_column_text css_animation=&#8220;fadeInRight&#8220;]Globalisierung und Internationalisierung \u00a0bedeuten einen\u00a0zunehmenden Preisdruck\u00a0f\u00fcr Klein- und Mittelunternehmen im deutsch sprachigen Wirtschaftsraum. &nbsp; Die\u00a0Konkurrenz aus Osteuropa und Asien verlangt von den traditionellen[&#8230;]","protected":false},"author":2,"featured_media":0,"parent":0,"menu_order":7,"comment_status":"closed","ping_status":"closed","template":"","meta":{"footnotes":""},"class_list":["post-1804","page","type-page","status-publish","hentry"],"_links":{"self":[{"href":"https:\/\/todofis.com\/index.php?rest_route=\/wp\/v2\/pages\/1804","targetHints":{"allow":["GET"]}}],"collection":[{"href":"https:\/\/todofis.com\/index.php?rest_route=\/wp\/v2\/pages"}],"about":[{"href":"https:\/\/todofis.com\/index.php?rest_route=\/wp\/v2\/types\/page"}],"author":[{"embeddable":true,"href":"https:\/\/todofis.com\/index.php?rest_route=\/wp\/v2\/users\/2"}],"replies":[{"embeddable":true,"href":"https:\/\/todofis.com\/index.php?rest_route=%2Fwp%2Fv2%2Fcomments&post=1804"}],"version-history":[{"count":11,"href":"https:\/\/todofis.com\/index.php?rest_route=\/wp\/v2\/pages\/1804\/revisions"}],"predecessor-version":[{"id":1950,"href":"https:\/\/todofis.com\/index.php?rest_route=\/wp\/v2\/pages\/1804\/revisions\/1950"}],"wp:attachment":[{"href":"https:\/\/todofis.com\/index.php?rest_route=%2Fwp%2Fv2%2Fmedia&parent=1804"}],"curies":[{"name":"wp","href":"https:\/\/api.w.org\/{rel}","templated":true}]}}