{"id":1776,"date":"2017-03-22T09:35:34","date_gmt":"2017-03-22T09:35:34","guid":{"rendered":"http:\/\/todofis.com\/?page_id=1776"},"modified":"2017-03-31T16:52:07","modified_gmt":"2017-03-31T16:52:07","slug":"strategie","status":"publish","type":"page","link":"https:\/\/todofis.com\/?page_id=1776","title":{"rendered":"Strategie"},"content":{"rendered":"<div class=\"wpb-content-wrapper\"><p>[vc_row full_width=&#8220;stretch_row&#8220; overlay_dotted=&#8220;true&#8220; overlay_color=&#8220;rgba(255,255,255,0.5)&#8220; css=&#8220;.vc_custom_1490979126640{background-image: url(http:\/\/todofis.com\/wp-content\/uploads\/2017\/03\/02a_BgStock_1366x768px.jpg?id=1936) !important;background-position: center !important;background-repeat: no-repeat !important;background-size: cover !important;}&#8220;][vc_column css=&#8220;.vc_custom_1490175958761{padding-top: 50px !important;padding-right: 100px !important;padding-bottom: 50px !important;padding-left: 50px !important;background-color: rgba(255,255,255,0.5) !important;*background-color: rgb(255,255,255) !important;}&#8220;][vc_row_inner][vc_column_inner width=&#8220;1\/2&#8243;][vc_single_image image=&#8220;1779&#8243; img_size=&#8220;405&#215;240&#8243; alignment=&#8220;right&#8220; style=&#8220;vc_box_shadow_3d&#8220; css_animation=&#8220;fadeInLeft&#8220; css=&#8220;.vc_custom_1490175883437{border-radius: 2px !important;}&#8220;][\/vc_column_inner][vc_column_inner width=&#8220;1\/2&#8243;][vc_column_text css_animation=&#8220;fadeInRight&#8220;]<\/p>\n<h2>Unsere Mission<\/h2>\n<p><strong>Wir unterst\u00fctzen kleine und mittlere Unternehmen bei der nachhaltigen Erh\u00f6hung ihrer Profitabilit\u00e4t, mit \u00fcberschaubarem Aufwand.<\/strong>[\/vc_column_text][\/vc_column_inner][\/vc_row_inner][vc_separator color=&#8220;custom&#8220; accent_color=&#8220;#2d2d2d&#8220; css=&#8220;.vc_custom_1490176255081{margin-top: 25px !important;margin-bottom: 50px !important;}&#8220;][vc_row_inner][vc_column_inner width=&#8220;1\/2&#8243;][vc_single_image image=&#8220;1788&#8243; img_size=&#8220;405&#215;240&#8243; alignment=&#8220;right&#8220; style=&#8220;vc_box_shadow_3d&#8220; css_animation=&#8220;fadeInRight&#8220; css=&#8220;.vc_custom_1490733428504{border-radius: 2px !important;}&#8220;][\/vc_column_inner][vc_column_inner width=&#8220;1\/2&#8243;][vc_column_text css_animation=&#8220;fadeInLeft&#8220;]<\/p>\n<h2 style=\"text-align: left;\">Unsere\u00a0Strategie<\/h2>\n<p style=\"text-align: left;\"><strong>Wir entwickeln mit unseren Kunden massgeschneiderte Massnahmenpakete in kurzer Zeit, welche ihren EBIT signifikant verbessern.<\/strong><\/p>\n<p>[\/vc_column_text][\/vc_column_inner][\/vc_row_inner][\/vc_column][\/vc_row]<\/p>\n<\/div>","protected":false},"excerpt":{"rendered":"[vc_row full_width=&#8220;stretch_row&#8220; overlay_dotted=&#8220;true&#8220; overlay_color=&#8220;rgba(255,255,255,0.5)&#8220; css=&#8220;.vc_custom_1490979126640{background-image: url(http:\/\/todofis.com\/wp-content\/uploads\/2017\/03\/02a_BgStock_1366x768px.jpg?id=1936) !important;background-position: center !important;background-repeat: no-repeat !important;background-size: cover !important;}&#8220;][vc_column css=&#8220;.vc_custom_1490175958761{padding-top: 50px !important;padding-right: 100px !important;padding-bottom: 50px !important;padding-left: 50px !important;background-color: rgba(255,255,255,0.5) !important;*background-color: rgb(255,255,255) !important;}&#8220;][vc_row_inner][vc_column_inner width=&#8220;1\/2&#8243;][vc_single_image image=&#8220;1779&#8243; img_size=&#8220;405&#215;240&#8243; alignment=&#8220;right&#8220; style=&#8220;vc_box_shadow_3d&#8220; css_animation=&#8220;fadeInLeft&#8220; css=&#8220;.vc_custom_1490175883437{border-radius: 2px !important;}&#8220;][\/vc_column_inner][vc_column_inner width=&#8220;1\/2&#8243;][vc_column_text css_animation=&#8220;fadeInRight&#8220;] Unsere Mission Wir unterst\u00fctzen kleine und mittlere Unternehmen bei der nachhaltigen Erh\u00f6hung ihrer Profitabilit\u00e4t, mit \u00fcberschaubarem Aufwand.[\/vc_column_text][\/vc_column_inner][\/vc_row_inner][vc_separator color=&#8220;custom&#8220;[&#8230;]","protected":false},"author":2,"featured_media":0,"parent":0,"menu_order":7,"comment_status":"closed","ping_status":"closed","template":"","meta":{"footnotes":""},"class_list":["post-1776","page","type-page","status-publish","hentry"],"_links":{"self":[{"href":"https:\/\/todofis.com\/index.php?rest_route=\/wp\/v2\/pages\/1776","targetHints":{"allow":["GET"]}}],"collection":[{"href":"https:\/\/todofis.com\/index.php?rest_route=\/wp\/v2\/pages"}],"about":[{"href":"https:\/\/todofis.com\/index.php?rest_route=\/wp\/v2\/types\/page"}],"author":[{"embeddable":true,"href":"https:\/\/todofis.com\/index.php?rest_route=\/wp\/v2\/users\/2"}],"replies":[{"embeddable":true,"href":"https:\/\/todofis.com\/index.php?rest_route=%2Fwp%2Fv2%2Fcomments&post=1776"}],"version-history":[{"count":16,"href":"https:\/\/todofis.com\/index.php?rest_route=\/wp\/v2\/pages\/1776\/revisions"}],"predecessor-version":[{"id":1937,"href":"https:\/\/todofis.com\/index.php?rest_route=\/wp\/v2\/pages\/1776\/revisions\/1937"}],"wp:attachment":[{"href":"https:\/\/todofis.com\/index.php?rest_route=%2Fwp%2Fv2%2Fmedia&parent=1776"}],"curies":[{"name":"wp","href":"https:\/\/api.w.org\/{rel}","templated":true}]}}